{"id":6169,"date":"2025-07-14T02:00:31","date_gmt":"2025-07-14T00:00:31","guid":{"rendered":"https:\/\/annepaceo.com\/fr\/?post_type=product&#038;p=6169"},"modified":"2025-08-29T15:50:27","modified_gmt":"2025-08-29T13:50:27","slug":"cd-shamanes","status":"publish","type":"product","link":"https:\/\/annepaceo.com\/fr\/product\/cd-shamanes\/","title":{"rendered":"CD S.H.A.M.A.N.E.S"},"content":{"rendered":"<p>Chamanisme, d\u00e9finition :\u2028 Pratique spirituelle ancestrale pr\u00e9sente dans toutes les cultures du monde, depuis la nuit des temps, o\u00f9 l\u2019\u00eatre humain (accompagn\u00e9 de son tambour et sa voix) se pr\u00e9sente comme l\u2019interm\u00e9diaire entre l\u2019humain et l\u2019invisible en effectuant un voyage mental, une odyss\u00e9e \u00e0 travers un espace r\u00eav\u00e9 \/ virtuel \/ invisible aux yeux du commun des mortels.<\/p>\n<p>\u00ab\u00a0Je savais tr\u00e8s fort ce que je voulais\u00a0\u00bb, dit-elle. Et ce qu\u2019elle voulait, c\u2019est plonger, \u00e0 corps perdu, dans les possibilit\u00e9s vocales et percussives de sa propre musique. Faire entendre des sons de l\u2019ext\u00e9rieur tout en explorant les tr\u00e9fonds de son int\u00e9riorit\u00e9. Avec S.H.A.M.A.N.E.S, Anne Paceo invite au voyage, mais pas n\u2019importe lequel\u00a0: celui d\u2019un chamanisme intemporel, \u00ab\u00a0profond\u00e9ment humain\u00a0\u00bb, dit-elle. Pour cette nouvelle cr\u00e9ation, elle puise son inspiration dans les musiques et les\u00a0pratiques vocales chamaniques. Inspir\u00e9e autant par l\u2019\u00e9nergie des tambours de transe que par\u00a0les chants sacr\u00e9s, la musique, brute ou texturale, la batteuse, chanteuse et compositrice livre un septi\u00e8me album \u00e0 la fois\u00a0introspectif et ouvert sur le monde.<\/p>\n<p>En 2020, le festival Jazz sous les Pommiers, o\u00f9 Anne Paceo est alors artiste associ\u00e9e, lui demande de travailler sur une nouvelle cr\u00e9ation. Apr\u00e8s Fables of Shwedagon (2017) et Bright\u00a0Shadows (2018), S.H.A.M.A.N.E.S voit le jour durant un Week-end sous les Pommiers, en septembre 2020. L\u2019enregistrer est une \u00e9vidence. Anne se plonge alors dans les musiques\u00a0chamaniques du monde entier, des rituels d\u2019exorcisme de Bali, les c\u00e9r\u00e9monies voodoo d\u2019Ha\u00efti, les chants de divination\u00a0de Sib\u00e9rie ou encore les rituels de possession du Candombe\u00a0br\u00e9silien. \u00ab\u00a0Il ne s\u2019agit pas de les reproduire, pr\u00e9cise-t-elle,\u00a0mais plut\u00f4t de les laisser infuser dans mon imaginaire, et m\u2019inspirer\u00a0pour proposer une musique sans fronti\u00e8res.\u00a0\u00bb Initiative \u00f4 combien pr\u00e9cieuse en ces temps pand\u00e9miques\u00a0! Depuis l\u2019enfance, Anne s\u2019int\u00e9resse de pr\u00e8s aux pratiques\u00a0chamaniques, dont les propri\u00e9t\u00e9s th\u00e9rapeutiques b\u00e9n\u00e9ficient toujours de la pr\u00e9sence de\u00a0la voix et de la percussion. Ce qui s\u2019entend dans S.H.A.M.A.N.E.S.<\/p>\n<p>De Reste un oiseau \u00e0 Marcher jusqu\u2019\u00e0 la nuit, de From the Stars \u00e0 Dive Into the Unknown, de Healing \u00e0 Travelers, Anne Paceo raconte un monde nouveau, nourri de la sorcellerie, plut\u00f4t celle de Mona Chollet que celle au nez crochu, comme on l\u2019entend sur Piel. De la l\u00e9g\u00e8ret\u00e9, de la fantaisie pour affronter une morosit\u00e9 ambiante, pesante et anxiog\u00e8ne. Dans Wishes, elle fait aveu de faiblesse et partage ses souhaits les plus chers. Sur Wide Awake, elle \u00e9voque sa dualit\u00e9, dans L\u2019Aube elle convoque ses fant\u00f4mes, tandis que Here and Everywhere retrace la dissolution de l\u2019\u00e2me. Animal totem du disque, l\u2019oiseau est enfant de boh\u00e8me, source de spiritualit\u00e9\u2026<\/p>\n<p>S.H.A.M.A.N.E.S. est un disque qui, par ses multiples petites histoires, nous fait rentrer dans la grande, habit\u00e9e par les mondes r\u00e9els et les mondes parall\u00e8les, avec lesquels les chamanes dialoguent.\u00a0\u00ab\u00a0C\u2019est une mani\u00e8re de revenir \u00e0 un son profond\u00e9ment organique, essentiel, souligne Anne, de cultiver l\u2019ind\u00e9pendance offerte par les percussions et les voix, instruments ancestraux aussi libres que mobiles.\u00a0\u00bb Si elle \u00e9crit, compose et r\u00e9alise seule sa musique, Anne aime s\u2019entourer de complices haute-fid\u00e9lit\u00e9. Ici, elle fait appel \u00e0 Isabel\u00a0S\u00f6rling et Marion Rampal, chanteuses polyglottes qui portent, le c\u0153ur en bandouli\u00e8re, les m\u00e9lodies d\u2019Anne. Laquelle choisit d\u2019inviter un second batteur \u00e0 cette dr\u00f4le de f\u00eate mystique, \u00ab\u00a0pour\u00a0enrichir le spectre rythmique\u00a0\u00bb, Benjamin Flament, inventeur d\u2019un instrument unique, constitu\u00e9\u00a0d\u2019\u00e9l\u00e9ments de batterie et de plusieurs m\u00e9tallophones. Sans oublier les fid\u00e8les Tony Paeleman,\u00a0au piano et au Fender Rhodes, et\u00a0Christophe Panzani\u00a0au saxophones et\u00a0clarinettes \u2013 tous deux suivent Anne depuis l\u2019album Circles, en 2016. \u00ab\u00a0Nous avons fait tellement de concerts qu\u2019il y a\u00a0quelque chose de sp\u00e9cial quand nous jouons ensemble, un son, une\u00a0alchimie particuli\u00e8re\u00a0\u00bb, commente Anne.<\/p>\n<p>Album acoustique, \u00e0 la fois intime et universel, car il raconte, en filigrane, l\u2019histoire d\u2019une femme puissante dans un monde aux possibilit\u00e9s souvent cach\u00e9es, S.H.A.M.A.N.E.S. r\u00e9invente le langage d\u2019Anne Paceo, qui se connecte plus que jamais \u00e0 l\u2019autre gr\u00e2ce \u00e0 la nature, aux animaux et aux astres.<\/p>\n","protected":false},"excerpt":{"rendered":"<p>Date de sortie : mars 2022<\/p>\n<div class=\"elementor-element elementor-element-4d7243d elementor-widget elementor-widget-text-editor\" data-id=\"4d7243d\" data-element_type=\"widget\" data-widget_type=\"text-editor.default\">\n<div class=\"elementor-widget-container\">\n<div class=\"elementor-text-editor elementor-clearfix\">\n<h4>LINE UP<\/h4>\n<p>Isabel Sorling : voix<br \/>\nMarion Rampal : voix<br \/>\nChristophe Panzani : saxophones, clarinette basse<br \/>\nTony Paeleman : piano, fender rhodes, bass station<br \/>\nBenjamin Flament : m\u00e9tallophone, batterie<br \/>\nAnne Paceo : batterie, voix, kamele n\u2019goni<\/p>\n<\/div>\n<\/div>\n<\/div>\n","protected":false},"featured_media":6170,"template":"","meta":[],"product_brand":[],"product_cat":[39],"product_tag":[],"class_list":{"0":"post-6169","1":"product","2":"type-product","3":"status-publish","4":"has-post-thumbnail","6":"product_cat-cd","8":"first","9":"instock","10":"taxable","11":"shipping-taxable","12":"purchasable","13":"product-type-simple"},"acf":[],"_links":{"self":[{"href":"https:\/\/annepaceo.com\/fr\/wp-json\/wp\/v2\/product\/6169","targetHints":{"allow":["GET"]}}],"collection":[{"href":"https:\/\/annepaceo.com\/fr\/wp-json\/wp\/v2\/product"}],"about":[{"href":"https:\/\/annepaceo.com\/fr\/wp-json\/wp\/v2\/types\/product"}],"version-history":[{"count":2,"href":"https:\/\/annepaceo.com\/fr\/wp-json\/wp\/v2\/product\/6169\/revisions"}],"predecessor-version":[{"id":10114,"href":"https:\/\/annepaceo.com\/fr\/wp-json\/wp\/v2\/product\/6169\/revisions\/10114"}],"wp:featuredmedia":[{"embeddable":true,"href":"https:\/\/annepaceo.com\/fr\/wp-json\/wp\/v2\/media\/6170"}],"wp:attachment":[{"href":"https:\/\/annepaceo.com\/fr\/wp-json\/wp\/v2\/media?parent=6169"}],"wp:term":[{"taxonomy":"product_brand","embeddable":true,"href":"https:\/\/annepaceo.com\/fr\/wp-json\/wp\/v2\/product_brand?post=6169"},{"taxonomy":"product_cat","embeddable":true,"href":"https:\/\/annepaceo.com\/fr\/wp-json\/wp\/v2\/product_cat?post=6169"},{"taxonomy":"product_tag","embeddable":true,"href":"https:\/\/annepaceo.com\/fr\/wp-json\/wp\/v2\/product_tag?post=6169"}],"curies":[{"name":"wp","href":"https:\/\/api.w.org\/{rel}","templated":true}]}}