{"id":2124,"date":"2021-03-30T19:18:29","date_gmt":"2021-03-30T17:18:29","guid":{"rendered":"https:\/\/annepaceo.com\/fr\/product\/copy-of-somera-album\/"},"modified":"2026-01-18T19:01:06","modified_gmt":"2026-01-18T18:01:06","slug":"lp-circles-live","status":"publish","type":"product","link":"https:\/\/annepaceo.com\/fr\/product\/lp-circles-live\/","title":{"rendered":"LP CIRCLES LIVE"},"content":{"rendered":"<div class=\"elementor-element elementor-element-7f27274 elementor-widget elementor-widget-text-editor\" data-id=\"7f27274\" data-element_type=\"widget\" data-widget_type=\"text-editor.default\">\n<div class=\"elementor-widget-container\">\n<div class=\"elementor-text-editor elementor-clearfix\">\n<p>Pour c\u00e9l\u00e9brer les 5 ans de \u00ab\u00a0Circles\u00a0\u00bb, voici le premier EP d\u2019Anne Paceo sur son propre label, \u00ab\u00a0Jusqu\u2019\u00e0 la nuit\u00a0\u00bb. C\u2019est un live \u00e0 paraitre en digital et enregistr\u00e9 en public au festival jazz sous les pommiers. Un vinyle en \u00e9dition limit\u00e9e et num\u00e9rot\u00e9e sera bient\u00f4t disponible.<\/p>\n<p>Des pulsations m\u00e9lodiques et des p\u00e9r\u00e9grinations lointaines\u2026 Des contemplations imag\u00e9es et des inspirations color\u00e9es\u2026. C\u2019est l\u2019essence m\u00eame de la musique d\u2019Anne Paceo. Battre la mesure comme abattre les distances\u2026 Sillonner les espaces rythmiques comme les espaces g\u00e9ographiques\u2026 Entre nords et suds, Anne Paceo ne cesse de parcourir le monde, en qu\u00eate de nouvelles cultures et de nouvelles sonorit\u00e9s. Elle aura d\u00e9couvert plus d\u2019une quarantaine de pays, \u00e0 la recherche d\u2019impressions, de contr\u00e9es \u00e0 contempler et d\u2019instants sacr\u00e9s, avide de d\u00e9crire ce qui l\u2019\u00e9meut au-del\u00e0 des fronti\u00e8res. Forte de cette ouverture sur l\u2019ailleurs, elle s\u2019attache d\u00e9sormais \u00e0 explorer de nouvelles voix. Ce sont l\u00e0 les dynamiques circulaires qui rayonnent \u00e0 travers \u00ab Circles \u00bb, une \u00e9closion qui croise une (r)\u00e9volution, constante et perp\u00e9tuelle. Et cela dans la continuit\u00e9 d\u2019un parcours singulier.<\/p>\n<\/div>\n<\/div>\n<\/div>\n<div class=\"elementor-element elementor-element-1846d51b elementor-widget elementor-widget-text-editor\" data-id=\"1846d51b\" data-element_type=\"widget\" data-widget_type=\"text-editor.default\">\n<div class=\"elementor-widget-container\">\n<div class=\"elementor-text-editor elementor-clearfix\">\n<div>\u00ab\u00a0Anne Paceo hypnotise son public et s\u2019autorise \u00e0 dynamiter tous les formats. L\u2019EP Circles live t\u00e9moigne \u00e0 merveille de ce travail fondateur de l\u2019esthetique Pac\u00e9enne\u00a0\u00bb \u2013 <b>T\u00e9l\u00e9rama<br \/>\n<\/b><\/div>\n<\/div>\n<\/div>\n<\/div>\n<div class=\"elementor-element elementor-element-467c15c elementor-widget elementor-widget-text-editor\" data-id=\"467c15c\" data-element_type=\"widget\" data-widget_type=\"text-editor.default\">\n<div class=\"elementor-widget-container\">\n<div class=\"elementor-text-editor elementor-clearfix\">\n<p>\u00ab\u00a0Anne Paceo \u0153uvre en effet \u00e0 l\u2019\u00e9laboration d\u2019un langage mondialiste, survolant les continents, capable de concilier rigueur et exigence. Circles Live, tout comme l\u2019album de 2016 auquel il emprunte son r\u00e9pertoire, est un disque \u00e9merveill\u00e9, un p\u00e9riple p\u00e9tillant de joie.\u00a0\u00bb \u2013 <b>Citizen Jazz<\/b><\/p>\n<\/div>\n<\/div>\n<\/div>\n<div class=\"elementor-element elementor-element-6a0f609 elementor-widget elementor-widget-text-editor\" data-id=\"6a0f609\" data-element_type=\"widget\" data-widget_type=\"text-editor.default\">\n<div class=\"elementor-widget-container\">\n<div class=\"elementor-text-editor elementor-clearfix\">\u00ab\u00a0Cette version nous donne \u00e0 entendre la d\u00e9licieuse symbiose qui se cr\u00e9e sur sc\u00e8ne entre les membres du quartet et qui fait l\u2019ADN des grands groupes\u00a0\u00bb \u2013 <b>Madame Figaro<\/b><\/div>\n<\/div>\n<\/div>\n<div class=\"elementor-element elementor-element-d30e460 elementor-widget elementor-widget-text-editor\" data-id=\"d30e460\" data-element_type=\"widget\" data-widget_type=\"text-editor.default\">\n<div class=\"elementor-widget-container\">\n<div class=\"elementor-text-editor elementor-clearfix\">\u00ab\u00a0Sur sc\u00e8ne, la po\u00e9sie singuli\u00e8re de la musique d\u2019Anne Paceo prend une dimension encore plus sensuelle et organique\u00a0\u00bb \u2013 <b>Jazzmag<\/b><\/div>\n<\/div>\n<\/div>\n<div class=\"elementor-element elementor-element-302a73fd elementor-widget elementor-widget-text-editor\" data-id=\"302a73fd\" data-element_type=\"widget\" data-widget_type=\"text-editor.default\">\n<div class=\"elementor-widget-container\">\n<div class=\"elementor-text-editor elementor-clearfix\">\u00ab\u00a0Veritable tableau po\u00e9tique et inspir\u00e9\u00a0\u00bb \u2013 <b>FIP<\/b><\/div>\n<\/div>\n<\/div>\n","protected":false},"excerpt":{"rendered":"<p>Sortie : mars 2021<\/p>\n<div class=\"elementor-element elementor-element-4d7243d elementor-widget elementor-widget-text-editor\" data-id=\"4d7243d\" data-element_type=\"widget\" data-widget_type=\"text-editor.default\">\n<div class=\"elementor-widget-container\">\n<div class=\"elementor-text-editor elementor-clearfix\">\n<h4>LINE UP<\/h4>\n<p>Chrisophe Panzani : saxophone<br \/>\nLeila Martial : voix<br \/>\nTony Paeleman : claviers<br \/>\nAnne Paceo : batterie<\/p>\n<\/div>\n<\/div>\n<\/div>\n","protected":false},"featured_media":6203,"template":"","meta":[],"product_brand":[],"product_cat":[42],"product_tag":[],"class_list":{"0":"post-2124","1":"product","2":"type-product","3":"status-publish","4":"has-post-thumbnail","6":"product_cat-lp","8":"first","9":"outofstock","10":"taxable","11":"shipping-taxable","12":"purchasable","13":"product-type-simple"},"acf":[],"_links":{"self":[{"href":"https:\/\/annepaceo.com\/fr\/wp-json\/wp\/v2\/product\/2124","targetHints":{"allow":["GET"]}}],"collection":[{"href":"https:\/\/annepaceo.com\/fr\/wp-json\/wp\/v2\/product"}],"about":[{"href":"https:\/\/annepaceo.com\/fr\/wp-json\/wp\/v2\/types\/product"}],"version-history":[{"count":1,"href":"https:\/\/annepaceo.com\/fr\/wp-json\/wp\/v2\/product\/2124\/revisions"}],"predecessor-version":[{"id":10100,"href":"https:\/\/annepaceo.com\/fr\/wp-json\/wp\/v2\/product\/2124\/revisions\/10100"}],"wp:featuredmedia":[{"embeddable":true,"href":"https:\/\/annepaceo.com\/fr\/wp-json\/wp\/v2\/media\/6203"}],"wp:attachment":[{"href":"https:\/\/annepaceo.com\/fr\/wp-json\/wp\/v2\/media?parent=2124"}],"wp:term":[{"taxonomy":"product_brand","embeddable":true,"href":"https:\/\/annepaceo.com\/fr\/wp-json\/wp\/v2\/product_brand?post=2124"},{"taxonomy":"product_cat","embeddable":true,"href":"https:\/\/annepaceo.com\/fr\/wp-json\/wp\/v2\/product_cat?post=2124"},{"taxonomy":"product_tag","embeddable":true,"href":"https:\/\/annepaceo.com\/fr\/wp-json\/wp\/v2\/product_tag?post=2124"}],"curies":[{"name":"wp","href":"https:\/\/api.w.org\/{rel}","templated":true}]}}