{"id":9934,"date":"2025-07-20T14:32:05","date_gmt":"2025-07-20T12:32:05","guid":{"rendered":"https:\/\/annepaceo.com\/fr\/?page_id=9934"},"modified":"2026-05-05T13:54:59","modified_gmt":"2026-05-05T11:54:59","slug":"biographie","status":"publish","type":"page","link":"https:\/\/annepaceo.com\/fr\/biographie\/","title":{"rendered":"BIOGRAPHIE"},"content":{"rendered":"\t\t<div data-elementor-type=\"wp-page\" data-elementor-id=\"9934\" class=\"elementor elementor-9934\">\n\t\t\t\t\t\t<section class=\"elementor-section elementor-top-section elementor-element elementor-element-c395323 elementor-section-boxed elementor-section-height-default elementor-section-height-default\" data-id=\"c395323\" data-element_type=\"section\" data-e-type=\"section\">\n\t\t\t\t\t\t<div class=\"elementor-container elementor-column-gap-default\">\n\t\t\t\t\t<div class=\"elementor-column elementor-col-100 elementor-top-column elementor-element elementor-element-78991e7\" data-id=\"78991e7\" data-element_type=\"column\" data-e-type=\"column\">\n\t\t\t<div class=\"elementor-widget-wrap elementor-element-populated\">\n\t\t\t\t\t\t<div class=\"elementor-element elementor-element-25abd21 animated-slow elementor-invisible elementor-widget elementor-widget-image\" data-id=\"25abd21\" data-element_type=\"widget\" data-e-type=\"widget\" data-settings=\"{&quot;_animation&quot;:&quot;slideInLeft&quot;}\" data-widget_type=\"image.default\">\n\t\t\t\t<div class=\"elementor-widget-container\">\n\t\t\t\t\t\t\t\t\t\t\t\t\t\t\t<img fetchpriority=\"high\" decoding=\"async\" width=\"768\" height=\"329\" src=\"https:\/\/annepaceo.com\/fr\/wp-content\/uploads\/2025\/07\/anne-paceo-bio-2025.jpg\" class=\"attachment-large size-large wp-image-9930\" alt=\"\" srcset=\"https:\/\/annepaceo.com\/fr\/wp-content\/uploads\/2025\/07\/anne-paceo-bio-2025.jpg 768w, https:\/\/annepaceo.com\/fr\/wp-content\/uploads\/2025\/07\/anne-paceo-bio-2025-559x239.jpg 559w, https:\/\/annepaceo.com\/fr\/wp-content\/uploads\/2025\/07\/anne-paceo-bio-2025-18x8.jpg 18w, https:\/\/annepaceo.com\/fr\/wp-content\/uploads\/2025\/07\/anne-paceo-bio-2025-600x257.jpg 600w\" sizes=\"(max-width: 768px) 100vw, 768px\" \/>\t\t\t\t\t\t\t\t\t\t\t\t\t\t\t<\/div>\n\t\t\t\t<\/div>\n\t\t\t\t\t<\/div>\n\t\t<\/div>\n\t\t\t\t\t<\/div>\n\t\t<\/section>\n\t\t\t\t<section class=\"elementor-section elementor-top-section elementor-element elementor-element-c2c10c5 elementor-section-boxed elementor-section-height-default elementor-section-height-default\" data-id=\"c2c10c5\" data-element_type=\"section\" data-e-type=\"section\">\n\t\t\t\t\t\t<div class=\"elementor-container elementor-column-gap-default\">\n\t\t\t\t\t<div class=\"elementor-column elementor-col-100 elementor-top-column elementor-element elementor-element-cdef91f\" data-id=\"cdef91f\" data-element_type=\"column\" data-e-type=\"column\">\n\t\t\t<div class=\"elementor-widget-wrap elementor-element-populated\">\n\t\t\t\t\t\t<div class=\"elementor-element elementor-element-8efd702 elementor-widget elementor-widget-text-editor\" data-id=\"8efd702\" data-element_type=\"widget\" data-e-type=\"widget\" data-widget_type=\"text-editor.default\">\n\t\t\t\t<div class=\"elementor-widget-container\">\n\t\t\t\t\t\t\t\t\t<p><em>\u00ab Anne Paceo m\u2019a immens\u00e9ment impressionn\u00e9 par son talent, sa musicalit\u00e9 et son d\u00e9vouement \u00e0 sa forme d\u2019art. Son style personnel et son \u201cson\u201d si particulier font d\u2019elle une musicienne unique. \u00bb<\/em> <strong>Charlie Haden<\/strong><\/p><p>Artiste majeure de la sc\u00e8ne musicale contemporaine, Anne Paceo s\u2019est aussi impos\u00e9e comme l\u2019une des figures de proue de la nouvelle sc\u00e8ne jazz \u00ab cross over \u00bb. Batteuse fran\u00e7aise parmi les plus reconnu.e.s, compositrice au langage singulier, elle d\u00e9veloppe une musique intens\u00e9ment incarn\u00e9e, o\u00f9 se conjuguent transe, spiritualit\u00e9, puissance rythmique et une libert\u00e9 d\u2019\u00e9criture affranchie des fronti\u00e8res stylistiques.<\/p><p>R\u00e9compens\u00e9e par trois Victoires du Jazz \u2014 \u00ab R\u00e9v\u00e9lation \u00bb en 2011 puis \u00ab Artiste de l\u2019ann\u00e9e \u00bb en 2016 et 2019 \u2014 elle devient la seule musicienne, femmes et hommes confondus, \u00e0 recevoir deux fois cette derni\u00e8re distinction. Elle est \u00e9galement nomm\u00e9e Chevalier des Arts et des Lettres en 2021 et rejoint en 2024 le prestigieux programme de r\u00e9sidences de la Villa Albertine aux \u00c9tats-Unis, o\u00f9 elle m\u00e8ne une recherche artistique autour des spiritualit\u00e9s vaudou et hoodoo \u00e0 La Nouvelle-Orl\u00e9ans.<\/p><p>Toujours en mouvement, et parall\u00e8lement \u00e0 sa production discographique ( 8 album et 4 EP)\u00a0Anne Paceo d\u00e9veloppe de nombreuses formes hybrides : duo avec la po\u00e9tesse Laura Vazquez, concert dessin\u00e9 avec le dessinateur <span class=\"hover:entity-accent entity-underline inline cursor-pointer align-baseline\"><span class=\"whitespace-normal\">Cyril Pedrosa<\/span><\/span>,\u00a0cin\u00e9-concert <em data-start=\"4688\" data-end=\"4707\">Nanouk l\u2019Esquimau<\/em>, ainsi que de nombreuses cr\u00e9ations interdisciplinaires, performances \u00e0 l&rsquo;international.\u00a0<\/p><p>N\u00e9e \u00e0 Niort en 1984, Anne Paceo passe ses premi\u00e8res ann\u00e9es en C\u00f4te d\u2019Ivoire. 1ere batteuse dipl\u00f4m\u00e9e du Conservatoire National Sup\u00e9rieur de Musique de Paris, elle commence tr\u00e8s t\u00f4t une carri\u00e8re professionnelle et depuis multiplie les collaborations avec des artistes de tous horizons, parmi lesquels <span class=\"hover:entity-accent entity-underline inline cursor-pointer align-baseline\"><span class=\"whitespace-normal\">China Moses<\/span><\/span>, <span class=\"hover:entity-accent entity-underline inline cursor-pointer align-baseline\"><span class=\"whitespace-normal\">Jeanne Added<\/span><\/span>, <span class=\"hover:entity-accent entity-underline inline cursor-pointer align-baseline\"><span class=\"whitespace-normal\">Michael League des Snarky Puppy<\/span><\/span>, <span class=\"hover:entity-accent entity-underline inline cursor-pointer align-baseline\"><span class=\"whitespace-normal\">Archie Shepp<\/span><\/span>, Clara Ys\u00e9, Rhoda Scott, Michel Legrand, Sandra Nkak\u00e9 pour n&rsquo;en citer que quelques un.e.s.<\/p><p>En 2008 et 2010, elle publie ses deux premiers albums, <em>Triphase<\/em> et <em>Empreintes<\/em>, sur le label Laborie. Le succ\u00e8s est imm\u00e9diat : elle re\u00e7oit le Django d\u2019Or \u00ab Nouveau Talent \u00bb en 2009, puis les Victoires du Jazz \u00ab R\u00e9v\u00e9lation \u00bb en 2011.\u00a0<\/p><p>En 2012, elle publie <em>Y\u00f4kai<\/em>, carnet de voyage sonore en quintet, inspir\u00e9 des cultures animistes japonaises. Enti\u00e8rement compos\u00e9 par elle, l\u2019album marque son affirmation en tant que compositrice.<\/p><p>Avec <em data-start=\"2468\" data-end=\"2477\">Circles<\/em> en 2016, elle impose d\u00e9finitivement sa signature artistique. Entre jazz, \u00e9lectronique, songwriting et grooves telluriques, l\u2019album rencontre un large \u00e9cho critique et public. Le groupe tourne plus de 150 concerts \u00e0 travers le monde, tandis qu\u2019Anne Paceo re\u00e7oit sa deuxi\u00e8me Victoire du Jazz, cette fois comme \u00ab Artiste de l\u2019ann\u00e9e \u00bb.<\/p><p>Son go\u00fbt pour les dialogues interculturels l\u2019am\u00e8ne \u00e0 cr\u00e9er <em data-start=\"2910\" data-end=\"2931\">Fables of Shwedagon<\/em>, projet in\u00e9dit r\u00e9unissant musiciens birmans et improvisateurs europ\u00e9ens, n\u00e9 de plusieurs s\u00e9jours au Myanmar. Jou\u00e9 au festival Jazz sous les Pommiers, dont elle devient artiste associ\u00e9e en 2017, le projet donne lieu \u00e0 un album live paru en 2018.<\/p><p>En 2019 puis 2020 paraissent <em data-start=\"3252\" data-end=\"3268\">Bright Shadows<\/em> et <em data-start=\"3272\" data-end=\"3279\">Sama\u0302<\/em>, deux \u0153uvres majeures qui confirment l\u2019ampleur de son univers artistique et l\u2019installent sur les sc\u00e8nes des plus grands festivals internationaux. Cette m\u00eame p\u00e9riode voit sa seconde distinction comme \u00ab Artiste de l\u2019ann\u00e9e \u00bb, consacrant une trajectoire unique dans le paysage du jazz contemporain.<\/p><p>En 2020, elle publie l\u2019EP <em>Sam\u00e2<\/em>, m\u00ealant enregistrements live \u00e0 la Philharmonie de Paris et deux bonus studio. Elle est \u00e9galement invit\u00e9e en tant que \u00ab mentor \u00bb \u00e0 la Montreux Jazz Academy aux c\u00f4t\u00e9s de <strong>John McLaughlin<\/strong> et <strong>Snarky Puppy<\/strong>.<\/p><p>En 2021, elle fonde son propre label, <strong>Jusqu\u2019\u00e0 la Nuit<\/strong>, sur lequel para\u00eet <em>Circles Live<\/em> (2<sup>e<\/sup> EP). Elle devient artiste associ\u00e9e \u00e0 la Sc\u00e8ne Nationale Les G\u00e9meaux \u00e0 Sceaux.<\/p><p>Son morceau <em>Sunshine<\/em>, issu de l\u2019album <em>Circles<\/em>, est s\u00e9lectionn\u00e9 par <strong>Kurt Elling<\/strong> pour sa tourn\u00e9e <em>Apparition Bridge: Music of Contemporary European Composers<\/em>, aux c\u00f4t\u00e9s de <strong>Kenny Wheeler, Jan Garbarek, Joe Zawinul<\/strong> et <strong>Michel Legrand<\/strong>.<\/p><p>En 2022, elle produit et publie son 7<sup>e<\/sup> album <em>S.H.A.M.A.N.E.S<\/em>, qui atteint le top g\u00e9n\u00e9ral SNEP et reste plusieurs semaines au top jazz. La release party a lieu \u00e0 <strong>La Cigale<\/strong>, salle comble. La presse est unanime : <strong>Lib\u00e9ration, Le Monde<\/strong> et <strong>T\u00e9l\u00e9rama<\/strong> lui consacrent des portraits. <em>\u00ab Anne Paceo s\u2019est impos\u00e9e comme l\u2019une des figures majeures de la sc\u00e8ne musicale fran\u00e7aise. \u00bb<\/em> <strong>Lib\u00e9ration<\/strong><\/p><p>La m\u00eame ann\u00e9e, elle compose la musique originale de <em>Sorci\u00e8res<\/em>, adaptation th\u00e9\u00e2trale du best-seller de <strong>Mona Chollet<\/strong>, jou\u00e9e au Th\u00e9\u00e2tre de l\u2019Atelier \u00e0 Paris. Elle y c\u00f4toie <strong>Anna Mouglalis, Clothilde Hesme, Val\u00e9rie Donzelli<\/strong> et <strong>Jennifer Decker<\/strong> (Com\u00e9die-Fran\u00e7aise).<\/p><p>En 2023, tout en tournant en Europe avec <em>S.H.A.M.A.N.E.S<\/em>, elle cr\u00e9e un cin\u00e9-concert autour de <em>Nanouk l\u2019Esquimau<\/em> et un concert dessin\u00e9, <em>Sur une \u00eele<\/em>, en duo avec le dessinateur <strong>Cyril Pedrosa<\/strong>. Elle publie aussi deux EP : <em>B\u2019sides<\/em> et <em>S.H.A.M.A.N.E.S Remixes<\/em>.<\/p><p>En 2024, elle est s\u00e9lectionn\u00e9e parmi les 50 r\u00e9sidents de la <strong>Villa Albertine<\/strong> et part \u00e0 <strong>La Nouvelle-Orl\u00e9ans<\/strong> pour travailler sur les cultures <em>voodoo<\/em> et <em>hoodoo<\/em>.<\/p><p>La m\u00eame ann\u00e9e, elle lance <strong>WIZZ<\/strong>, un projet de mentorat exclusivement f\u00e9minin pour accompagner les instrumentistes femmes dans tous les aspects de leur carri\u00e8re : (re)d\u00e9couverte du matrimoine musical, ateliers de pratique, masterclass avec des musiciennes de renom, rencontres professionnelles\u2026 Ce projet in\u00e9dit est port\u00e9 avec <strong>Les G\u00e9meaux<\/strong> et <strong>Jazz sous les Pommiers<\/strong>.<\/p><p>En 2025 para\u00eet <em data-start=\"5417\" data-end=\"5427\">Atlantis<\/em>, nouvel album publi\u00e9 sur son label Jusqu\u2019\u00e0 La Nuit. Avec cette \u0153uvre, Anne Paceo poursuit une trajectoire singuli\u00e8re et audacieuse, confirmant sa place parmi les voix les plus inventives et influentes du jazz contemporain international.<\/p>\t\t\t\t\t\t\t\t<\/div>\n\t\t\t\t<\/div>\n\t\t\t\t\t<\/div>\n\t\t<\/div>\n\t\t\t\t\t<\/div>\n\t\t<\/section>\n\t\t\t\t<\/div>\n\t\t","protected":false},"excerpt":{"rendered":"<p>\u00ab Anne Paceo m\u2019a immens\u00e9ment impressionn\u00e9 par son talent, sa musicalit\u00e9 et son d\u00e9vouement \u00e0 sa forme d\u2019art. Son style [&hellip;]<\/p>\n","protected":false},"author":1,"featured_media":0,"parent":0,"menu_order":0,"comment_status":"closed","ping_status":"closed","template":"","meta":{"footnotes":""},"class_list":["post-9934","page","type-page","status-publish","hentry"],"acf":[],"_links":{"self":[{"href":"https:\/\/annepaceo.com\/fr\/wp-json\/wp\/v2\/pages\/9934","targetHints":{"allow":["GET"]}}],"collection":[{"href":"https:\/\/annepaceo.com\/fr\/wp-json\/wp\/v2\/pages"}],"about":[{"href":"https:\/\/annepaceo.com\/fr\/wp-json\/wp\/v2\/types\/page"}],"author":[{"embeddable":true,"href":"https:\/\/annepaceo.com\/fr\/wp-json\/wp\/v2\/users\/1"}],"replies":[{"embeddable":true,"href":"https:\/\/annepaceo.com\/fr\/wp-json\/wp\/v2\/comments?post=9934"}],"version-history":[{"count":29,"href":"https:\/\/annepaceo.com\/fr\/wp-json\/wp\/v2\/pages\/9934\/revisions"}],"predecessor-version":[{"id":10611,"href":"https:\/\/annepaceo.com\/fr\/wp-json\/wp\/v2\/pages\/9934\/revisions\/10611"}],"wp:attachment":[{"href":"https:\/\/annepaceo.com\/fr\/wp-json\/wp\/v2\/media?parent=9934"}],"curies":[{"name":"wp","href":"https:\/\/api.w.org\/{rel}","templated":true}]}}