{"id":10169,"date":"2025-07-29T22:49:33","date_gmt":"2025-07-29T20:49:33","guid":{"rendered":"https:\/\/annepaceo.com\/fr\/?page_id=10169"},"modified":"2025-07-29T22:55:05","modified_gmt":"2025-07-29T20:55:05","slug":"politique-de-confidentialite","status":"publish","type":"page","link":"https:\/\/annepaceo.com\/fr\/politique-de-confidentialite\/","title":{"rendered":"Politique de confidentialit\u00e9"},"content":{"rendered":"\t\t<div data-elementor-type=\"wp-page\" data-elementor-id=\"10169\" class=\"elementor elementor-10169\">\n\t\t\t\t\t\t<section class=\"elementor-section elementor-top-section elementor-element elementor-element-53ecf6f elementor-section-boxed elementor-section-height-default elementor-section-height-default\" data-id=\"53ecf6f\" data-element_type=\"section\" data-e-type=\"section\">\n\t\t\t\t\t\t<div class=\"elementor-container elementor-column-gap-default\">\n\t\t\t\t\t<div class=\"elementor-column elementor-col-100 elementor-top-column elementor-element elementor-element-953bf5b\" data-id=\"953bf5b\" data-element_type=\"column\" data-e-type=\"column\">\n\t\t\t<div class=\"elementor-widget-wrap elementor-element-populated\">\n\t\t\t\t\t\t<div class=\"elementor-element elementor-element-0555e0c elementor-widget elementor-widget-text-editor\" data-id=\"0555e0c\" data-element_type=\"widget\" data-e-type=\"widget\" data-widget_type=\"text-editor.default\">\n\t\t\t\t<div class=\"elementor-widget-container\">\n\t\t\t\t\t\t\t\t\t<section class=\"politique-confidentialite\"><h2>Politique de confidentialit\u00e9<\/h2><p>Cette politique de confidentialit\u00e9 d\u00e9crit comment le site <strong>annepaceo.com<\/strong> collecte, utilise et prot\u00e8ge les donn\u00e9es personnelles de ses utilisateurs et clients, conform\u00e9ment au R\u00e8glement G\u00e9n\u00e9ral sur la Protection des Donn\u00e9es (RGPD).<\/p><h2>Responsable du traitement<\/h2><p>Le responsable du traitement est :<\/p><p><strong>Anne Paceo<\/strong><br \/>Email : <a href=\"mailto:contact@annepaceo.com\">contact@annepaceo.com<\/a><br \/>Site web : <a href=\"https:\/\/annepaceo.com\">https:\/\/annepaceo.com<\/a><\/p><h2>Donn\u00e9es collect\u00e9es<\/h2><p>Lors de votre navigation et de vos achats sur le site, nous collectons les donn\u00e9es suivantes :<\/p><ul><li>Nom et pr\u00e9nom<\/li><li>Adresse postale<\/li><li>Adresse email<\/li><li>Num\u00e9ro de t\u00e9l\u00e9phone<\/li><li>Informations de paiement (g\u00e9r\u00e9es par un prestataire s\u00e9curis\u00e9, nous ne stockons pas vos coordonn\u00e9es bancaires)<\/li><li>Historique de commandes<\/li><li>Adresse IP, type de navigateur et donn\u00e9es de navigation \u00e0 des fins statistiques (via cookies)<\/li><\/ul><h2>Finalit\u00e9s du traitement<\/h2><p>Les donn\u00e9es personnelles sont utilis\u00e9es pour les finalit\u00e9s suivantes :<\/p><ul><li>Traitement et livraison des commandes<\/li><li>Gestion du service client<\/li><li>Envoi d\u2019emails transactionnels (confirmation de commande, suivi, etc.)<\/li><li>Envoi d\u2019une newsletter (si vous y avez consenti)<\/li><li>Analyse du trafic du site pour en am\u00e9liorer l\u2019exp\u00e9rience utilisateur<\/li><\/ul><h2>Base l\u00e9gale du traitement<\/h2><p>Le traitement des donn\u00e9es repose sur les bases l\u00e9gales suivantes :<\/p><ul><li>Ex\u00e9cution d\u2019un contrat de vente (commande de produits)<\/li><li>Consentement (abonnement \u00e0 la newsletter)<\/li><li>Int\u00e9r\u00eat l\u00e9gitime (s\u00e9curisation du site, analyse de fr\u00e9quentation)<\/li><\/ul><h2>Dur\u00e9e de conservation<\/h2><p>Les donn\u00e9es personnelles sont conserv\u00e9es :<\/p><ul><li>Jusqu\u2019\u00e0 3 ans apr\u00e8s la derni\u00e8re activit\u00e9 commerciale (commande, contact, etc.)<\/li><li>10 ans pour les donn\u00e9es de facturation (obligation comptable)<\/li><li>Jusqu\u2019au retrait du consentement pour la newsletter<\/li><\/ul><h2>Destinataires des donn\u00e9es<\/h2><p>Les donn\u00e9es collect\u00e9es sont destin\u00e9es exclusivement \u00e0 annepaceo.com et \u00e0 ses sous-traitants techniques dans le cadre du traitement des commandes (h\u00e9bergeur, prestataire de paiement, transporteur, etc.). Elles ne sont jamais vendues ni c\u00e9d\u00e9es \u00e0 des tiers \u00e0 des fins commerciales.<\/p><h2>Vos droits<\/h2><p>Conform\u00e9ment au RGPD, vous disposez des droits suivants :<\/p><ul><li>Droit d\u2019acc\u00e8s \u00e0 vos donn\u00e9es<\/li><li>Droit de rectification ou de suppression<\/li><li>Droit \u00e0 la limitation du traitement<\/li><li>Droit \u00e0 la portabilit\u00e9<\/li><li>Droit d\u2019opposition au traitement<\/li><li>Droit de retrait du consentement \u00e0 tout moment (pour la newsletter par exemple)<\/li><\/ul><p>Pour exercer vos droits, vous pouvez envoyer un email \u00e0 <a href=\"mailto:association.drumzzz@gmail.com\">association.drumzzz@gmail.com<\/a>. Une r\u00e9ponse vous sera apport\u00e9e sous 30 jours.<\/p><h2>S\u00e9curit\u00e9<\/h2><p>Le site utilise un certificat SSL (https) pour garantir la s\u00e9curit\u00e9 des donn\u00e9es transmises. Des mesures techniques et organisationnelles sont mises en \u0153uvre pour prot\u00e9ger vos donn\u00e9es personnelles contre tout acc\u00e8s non autoris\u00e9 ou usage abusif.<\/p><h2>Cookies<\/h2><p>Des cookies peuvent \u00eatre install\u00e9s sur votre navigateur afin de permettre le bon fonctionnement du site, mesurer l\u2019audience ou faciliter la navigation. Vous pouvez param\u00e9trer leur utilisation depuis votre navigateur ou via la banni\u00e8re de consentement affich\u00e9e lors de votre premi\u00e8re visite.<\/p><h2>Modification de la politique<\/h2><p>La pr\u00e9sente politique de confidentialit\u00e9 peut \u00eatre modifi\u00e9e \u00e0 tout moment pour s\u2019adapter \u00e0 l\u2019\u00e9volution des r\u00e9glementations ou du site. La version en vigueur est celle disponible \u00e0 l\u2019adresse : <a href=\"https:\/\/annepaceo.com\/fr\/politique-de-confidentialite\">https:\/\/annepaceo.com\/fr\/politique-de-confidentialite<\/a><\/p><\/section>\t\t\t\t\t\t\t\t<\/div>\n\t\t\t\t<\/div>\n\t\t\t\t\t<\/div>\n\t\t<\/div>\n\t\t\t\t\t<\/div>\n\t\t<\/section>\n\t\t\t\t<\/div>\n\t\t","protected":false},"excerpt":{"rendered":"<p>Politique de confidentialit\u00e9 Cette politique de confidentialit\u00e9 d\u00e9crit comment le site annepaceo.com collecte, utilise et prot\u00e8ge les donn\u00e9es personnelles de [&hellip;]<\/p>\n","protected":false},"author":1,"featured_media":0,"parent":0,"menu_order":0,"comment_status":"closed","ping_status":"closed","template":"","meta":{"footnotes":""},"class_list":["post-10169","page","type-page","status-publish","hentry"],"acf":[],"_links":{"self":[{"href":"https:\/\/annepaceo.com\/fr\/wp-json\/wp\/v2\/pages\/10169","targetHints":{"allow":["GET"]}}],"collection":[{"href":"https:\/\/annepaceo.com\/fr\/wp-json\/wp\/v2\/pages"}],"about":[{"href":"https:\/\/annepaceo.com\/fr\/wp-json\/wp\/v2\/types\/page"}],"author":[{"embeddable":true,"href":"https:\/\/annepaceo.com\/fr\/wp-json\/wp\/v2\/users\/1"}],"replies":[{"embeddable":true,"href":"https:\/\/annepaceo.com\/fr\/wp-json\/wp\/v2\/comments?post=10169"}],"version-history":[{"count":7,"href":"https:\/\/annepaceo.com\/fr\/wp-json\/wp\/v2\/pages\/10169\/revisions"}],"predecessor-version":[{"id":10177,"href":"https:\/\/annepaceo.com\/fr\/wp-json\/wp\/v2\/pages\/10169\/revisions\/10177"}],"wp:attachment":[{"href":"https:\/\/annepaceo.com\/fr\/wp-json\/wp\/v2\/media?parent=10169"}],"curies":[{"name":"wp","href":"https:\/\/api.w.org\/{rel}","templated":true}]}}